{"id":684,"date":"2019-11-17T21:33:28","date_gmt":"2019-11-18T02:33:28","guid":{"rendered":"http:\/\/xcclogistics.com\/?page_id=684"},"modified":"2022-11-25T05:35:16","modified_gmt":"2022-11-25T10:35:16","slug":"footer","status":"publish","type":"page","link":"https:\/\/xcclogistics.com\/en\/footer\/","title":{"rendered":"footer"},"content":{"rendered":"<div id=\"fws_69f48933e5aab\"  data-column-margin=\"default\" data-midnight=\"dark\" data-top-percent=\"10%\"  data-bg-mobile-hidden=\"\" class=\"wpb_row vc_row-fluid vc_row full-width-section  vc_row-o-equal-height vc_row-flex  vc_row-o-content-top standard_section\"  style=\"padding-top: calc(100vw * 0.10); padding-bottom: 0px; \"><div class=\"row-bg-wrap\" data-bg-animation=\"none\" data-bg-overlay=\"false\"><div class=\"inner-wrap\"><div class=\"row-bg using-bg-color\"  style=\"background-color: #ffffff; \"><\/div><\/div><div class=\"row-bg-overlay\" ><\/div><\/div><div class=\"col span_12 dark left\">\n\t<div  class=\"vc_col-sm-12 wpb_column column_container vc_column_container col has-animation padding-3-percent\"  data-t-w-inherits=\"default\" data-border-radius=\"none\" data-shadow=\"none\" data-border-animation=\"\" data-border-animation-delay=\"\" data-border-width=\"none\" data-border-style=\"solid\" data-border-color=\"\" data-bg-cover=\"\" data-padding-pos=\"right\" data-has-bg-color=\"false\" data-bg-color=\"\" data-bg-opacity=\"1\" data-hover-bg=\"\" data-hover-bg-opacity=\"1\" data-animation=\"fade-in-from-bottom\" data-delay=\"0\" >\n\t\t<div class=\"vc_column-inner\" ><div class=\"column-bg-overlay-wrap\" data-bg-animation=\"none\"><div class=\"column-bg-overlay\"><\/div><\/div>\n\t\t\t<div class=\"wpb_wrapper\">\n\t\t\t\t<div id=\"fws_69f48933e65be\" data-midnight=\"\" data-column-margin=\"default\" data-bg-mobile-hidden=\"\" class=\"wpb_row vc_row-fluid vc_row inner_row standard_section\"  style=\"padding-top: 0px; padding-bottom: 40px; \"><div class=\"row-bg-wrap\"> <div class=\"row-bg\"  style=\"\"><\/div> <\/div><div class=\"col span_12  left\">\n\t<div  class=\"vc_col-sm-3 wpb_column column_container vc_column_container col child_column centered-text has-animation no-extra-padding\"   data-t-w-inherits=\"default\" data-shadow=\"none\" data-border-radius=\"none\" data-border-animation=\"\" data-border-animation-delay=\"\" data-border-width=\"none\" data-border-style=\"solid\" data-border-color=\"\" data-bg-cover=\"\" data-padding-pos=\"all\" data-has-bg-color=\"false\" data-bg-color=\"\" data-bg-opacity=\"1\" data-hover-bg=\"\" data-hover-bg-opacity=\"1\" data-animation=\"fade-in-from-bottom\" data-delay=\"0\">\n\t\t<div class=\"vc_column-inner\" ><div class=\"column-bg-overlay-wrap\" data-bg-animation=\"none\"><div class=\"column-bg-overlay\"><\/div><\/div>\n\t\t<div class=\"wpb_wrapper\">\n\t\t\t<div class=\"img-with-aniamtion-wrap\" data-max-width=\"100%\" data-max-width-mobile=\"default\" data-border-radius=\"none\" data-shadow=\"none\" data-animation=\"fade-in\" >\r\n      <div class=\"inner\">\r\n        <div class=\"hover-wrap\" data-hover-animation=\"none\"> \r\n          <div class=\"hover-wrap-inner\">\r\n            <img decoding=\"async\" class=\"img-with-animation skip-lazy\" data-delay=\"0\" height=\"276\" width=\"589\" data-animation=\"fade-in\" src=\"https:\/\/xcclogistics.com\/wp-content\/uploads\/2019\/10\/Logo-Nuevo-XCC.png\" alt=\"\" srcset=\"https:\/\/xcclogistics.com\/wp-content\/uploads\/2019\/10\/Logo-Nuevo-XCC.png 589w, https:\/\/xcclogistics.com\/wp-content\/uploads\/2019\/10\/Logo-Nuevo-XCC-300x141.png 300w\" sizes=\"(min-width: 1450px) 75vw, (min-width: 1000px) 85vw, 100vw\" \/>\r\n          <\/div>\r\n        <\/div>\r\n      <\/div>\r\n    <\/div><div class=\"divider-wrap\" data-alignment=\"default\"><div style=\"margin-top: 2px; width: 20%px; height: 1px; margin-bottom: 2px;\" data-width=\"20%\" data-animate=\"\" data-animation-delay=\"\" data-color=\"extra-color-2\" class=\"divider-small-border\"><\/div><\/div>\n\t<div class=\"wpb_raw_code wpb_content_element wpb_raw_html\" >\n\t\t<div class=\"wpb_wrapper\">\n\t\t\t<nav class=\"left-side\" data-using-pull-menu=\"false\">\n\t\t\t\t\t\t\t\t\t\t\t\t<ul class=\"nectar-social\"><li id=\"social-in-menu\" style=\"list-style: none;\" class=\"button_social_group\"><a target=\"_blank\" href=\"https:\/\/www.twitter.com\/xcclogistics\"><i class=\"fa fa-twitter\"><\/i> <\/a><a target=\"_blank\" href=\"https:\/\/www.facebook.com\/XCC-Logistics-448366819282936\/\"><i class=\"fa fa-facebook\"><\/i> <\/a><a target=\"_blank\" href=\"https:\/\/www.instagram.com\/xcclogistics\/\"><i class=\"fa fa-instagram\"><\/i> <\/a><a target=\"_blank\" href=\"http:\/\/wa.me\/50765755427\"><i class=\"fa fa-whatsapp\"><\/i> <\/a><a href=\"\"><i class=\"fa fa-phone\"><\/i> <\/a><a href=\"\"><i class=\"fa fa-envelope\"><\/i> <\/a> <\/li><\/ul> \n\t\t\t\t\t<\/nav>\n\t\t<\/div>\n\t<\/div>\n\n\t\t<\/div> \n\t<\/div>\n\t<\/div> \n\n\t<div  class=\"vc_col-sm-3 wpb_column column_container vc_column_container col child_column has-animation no-extra-padding\"   data-t-w-inherits=\"default\" data-shadow=\"none\" data-border-radius=\"none\" data-border-animation=\"\" data-border-animation-delay=\"\" data-border-width=\"none\" data-border-style=\"solid\" data-border-color=\"\" data-bg-cover=\"\" data-padding-pos=\"all\" data-has-bg-color=\"false\" data-bg-color=\"\" data-bg-opacity=\"1\" data-hover-bg=\"\" data-hover-bg-opacity=\"1\" data-animation=\"fade-in-from-bottom\" data-delay=\"150\">\n\t\t<div class=\"vc_column-inner\" ><div class=\"column-bg-overlay-wrap\" data-bg-animation=\"none\"><div class=\"column-bg-overlay\"><\/div><\/div>\n\t\t<div class=\"wpb_wrapper\">\n\t\t\t<div  class=\"vc_wp_custommenu wpb_content_element\"><div class=\"widget widget_nav_menu\"><div class=\"menu-menu_esp-container\"><ul id=\"menu-menu_esp\" class=\"menu\"><li id=\"menu-item-730\" class=\"menu-item menu-item-type-post_type menu-item-object-page menu-item-home menu-item-730\"><a href=\"https:\/\/xcclogistics.com\/en\/\">Home<\/a><\/li>\n<li id=\"menu-item-586\" class=\"menu-item menu-item-type-custom menu-item-object-custom menu-item-586\"><a href=\"https:\/\/xcclogistics.com\/en\/#quienes-somos\">About Us<\/a><\/li>\n<li id=\"menu-item-587\" class=\"menu-item menu-item-type-post_type menu-item-object-page menu-item-587\"><a href=\"https:\/\/xcclogistics.com\/en\/nuestros-servicios\/\">Our Services<\/a><\/li>\n<li id=\"menu-item-588\" class=\"menu-item menu-item-type-custom menu-item-object-custom menu-item-has-children menu-item-588\"><a href=\"#\">Tools<\/a>\n<ul class=\"sub-menu\">\n\t<li id=\"menu-item-589\" class=\"menu-item menu-item-type-post_type menu-item-object-page menu-item-589\"><a href=\"https:\/\/xcclogistics.com\/en\/herramientas\/\">Volume Calculator<\/a><\/li>\n<\/ul>\n<\/li>\n<li id=\"menu-item-590\" class=\"menu-item menu-item-type-post_type menu-item-object-page menu-item-590\"><a href=\"https:\/\/xcclogistics.com\/en\/contactenos\/\">Contact us<\/a><\/li>\n<\/ul><\/div><\/div><\/div>\n\t\t<\/div> \n\t<\/div>\n\t<\/div> \n\n\t<div  class=\"vc_col-sm-3 wpb_column column_container vc_column_container col child_column has-animation no-extra-padding\"   data-t-w-inherits=\"default\" data-shadow=\"none\" data-border-radius=\"none\" data-border-animation=\"\" data-border-animation-delay=\"\" data-border-width=\"none\" data-border-style=\"solid\" data-border-color=\"\" data-bg-cover=\"\" data-padding-pos=\"all\" data-has-bg-color=\"false\" data-bg-color=\"\" data-bg-opacity=\"1\" data-hover-bg=\"\" data-hover-bg-opacity=\"1\" data-animation=\"fade-in-from-bottom\" data-delay=\"300\">\n\t\t<div class=\"vc_column-inner\" ><div class=\"column-bg-overlay-wrap\" data-bg-animation=\"none\"><div class=\"column-bg-overlay\"><\/div><\/div>\n\t\t<div class=\"wpb_wrapper\">\n\t\t\t\r\n<div class=\"wpb_text_column wpb_content_element\" >\r\n\t<div class=\"wpb_wrapper\">\r\n\t\t<h4>SERVICES<\/h4>\n<p><a href=\"https:\/\/xcclogistics.com\/en\/nuestros-servicios\/#servicio-maritimo\"> Servicio mar\u00edtimo <\/a><br \/>\n<a href=\"https:\/\/xcclogistics.com\/en\/nuestros-servicios\/#servicio-aereo\"> Servicio a\u00e9reo <\/a><br \/>\n<a href=\"https:\/\/xcclogistics.com\/en\/nuestros-servicios\/#servicio-terrestre\"> Servicio terrestre <\/a><br \/>\n<a href=\"https:\/\/xcclogistics.com\/en\/nuestros-servicios\/#servicio-bodega\"> Almacenamiento <\/a><br \/>\n<a href=\"https:\/\/xcclogistics.com\/en\/nuestros-servicios\/#servicio-aduanal\"> Servicio de aduanas <\/a><br \/>\n<a href=\"https:\/\/xcclogistics.com\/en\/nuestros-servicios\/#servicio-navieras\"> Navieras<\/a><\/p>\n\t<\/div>\r\n<\/div>\r\n\r\n\r\n\r\n\n\t\t<\/div> \n\t<\/div>\n\t<\/div> \n\n\t<div  class=\"vc_col-sm-3 wpb_column column_container vc_column_container col child_column has-animation no-extra-padding\"   data-t-w-inherits=\"default\" data-shadow=\"none\" data-border-radius=\"none\" data-border-animation=\"\" data-border-animation-delay=\"\" data-border-width=\"none\" data-border-style=\"solid\" data-border-color=\"\" data-bg-cover=\"\" data-padding-pos=\"all\" data-has-bg-color=\"false\" data-bg-color=\"\" data-bg-opacity=\"1\" data-hover-bg=\"\" data-hover-bg-opacity=\"1\" data-animation=\"fade-in-from-bottom\" data-delay=\"450\">\n\t\t<div class=\"vc_column-inner\" ><div class=\"column-bg-overlay-wrap\" data-bg-animation=\"none\"><div class=\"column-bg-overlay\"><\/div><\/div>\n\t\t<div class=\"wpb_wrapper\">\n\t\t\t\r\n<div class=\"wpb_text_column wpb_content_element  vc_custom_1573837431368\" >\r\n\t<div class=\"wpb_wrapper\">\r\n\t\t<h4>VIS\u00cdTANOS<\/h4>\n<p>Address: Veasa Building, 2nd floor, 15th Street, Pueblo Nuevo, Republic of Panama.<br \/>\nPhone: <a href=\"tel:+5072200000\">+ (507) 220-0000<\/a><br \/>\nMobile: <a href=\"tel:+50765755427\">+ (507) 6575-5427<\/a><\/p>\n\t<\/div>\r\n<\/div>\r\n\r\n\r\n\r\n\n\t\t<\/div> \n\t<\/div>\n\t<\/div> \n<\/div><\/div><div id=\"fws_69f48933ead53\" data-midnight=\"\" data-column-margin=\"default\" data-bg-mobile-hidden=\"\" class=\"wpb_row vc_row-fluid vc_row inner_row standard_section\"  style=\"padding-top: 0px; padding-bottom: 0px; \"><div class=\"row-bg-wrap\"> <div class=\"row-bg\"  style=\"\"><\/div> <\/div><div class=\"col span_12  left\">\n\t<div  class=\"vc_col-sm-12 wpb_column column_container vc_column_container col child_column no-extra-padding\"   data-t-w-inherits=\"default\" data-shadow=\"none\" data-border-radius=\"none\" data-border-animation=\"\" data-border-animation-delay=\"\" data-border-width=\"none\" data-border-style=\"solid\" data-border-color=\"\" data-bg-cover=\"\" data-padding-pos=\"all\" data-has-bg-color=\"false\" data-bg-color=\"\" data-bg-opacity=\"1\" data-hover-bg=\"\" data-hover-bg-opacity=\"1\" data-animation=\"\" data-delay=\"0\">\n\t\t<div class=\"vc_column-inner\" ><div class=\"column-bg-overlay-wrap\" data-bg-animation=\"none\"><div class=\"column-bg-overlay\"><\/div><\/div>\n\t\t<div class=\"wpb_wrapper\">\n\t\t\t<div class=\"nectar-cta\" data-color=\"default\" data-using-bg=\"false\" data-display=\"block\" data-style=\"underline\" data-alignment=\"center\" data-text-color=\"custom\" ><h5 style=\"color: #f44c11;\"> <span class=\"text\"> <\/span><span class=\"link_wrap\" ><a  class=\"link_text\" style=\"border-color: #f44c11;\" href=\"\">Copyright \u00a9 2021 XCC Logistics<\/a><\/span><\/h5><\/div>\n\t\t<\/div> \n\t<\/div>\n\t<\/div> \n<\/div><\/div>\n\t\t\t<\/div> \n\t\t<\/div>\n\t<\/div> \n<\/div><\/div>","protected":false},"excerpt":{"rendered":"Inicio Quienes somos Nuestros Servicios Herramientas Calculadora de Volumen Cont\u00e1ctenos SERVICIOS Servicio mar\u00edtimo Servicio a\u00e9reo Servicio terrestre Almacenamiento Servicio de aduanas Navieras VIS\u00cdTANOS Direcci\u00f3n: Edificio Veasa, 2do piso, calle 15,...","protected":false},"author":1,"featured_media":0,"parent":0,"menu_order":0,"comment_status":"closed","ping_status":"closed","template":"","meta":{"_joinchat":[],"footnotes":""},"class_list":["post-684","page","type-page","status-publish"],"_links":{"self":[{"href":"https:\/\/xcclogistics.com\/en\/wp-json\/wp\/v2\/pages\/684","targetHints":{"allow":["GET"]}}],"collection":[{"href":"https:\/\/xcclogistics.com\/en\/wp-json\/wp\/v2\/pages"}],"about":[{"href":"https:\/\/xcclogistics.com\/en\/wp-json\/wp\/v2\/types\/page"}],"author":[{"embeddable":true,"href":"https:\/\/xcclogistics.com\/en\/wp-json\/wp\/v2\/users\/1"}],"replies":[{"embeddable":true,"href":"https:\/\/xcclogistics.com\/en\/wp-json\/wp\/v2\/comments?post=684"}],"version-history":[{"count":5,"href":"https:\/\/xcclogistics.com\/en\/wp-json\/wp\/v2\/pages\/684\/revisions"}],"predecessor-version":[{"id":911,"href":"https:\/\/xcclogistics.com\/en\/wp-json\/wp\/v2\/pages\/684\/revisions\/911"}],"wp:attachment":[{"href":"https:\/\/xcclogistics.com\/en\/wp-json\/wp\/v2\/media?parent=684"}],"curies":[{"name":"wp","href":"https:\/\/api.w.org\/{rel}","templated":true}]}}